{"id":1092,"date":"2023-07-25T12:10:22","date_gmt":"2023-07-25T10:10:22","guid":{"rendered":"https:\/\/praxis-evia.ch\/ana-sayfa\/"},"modified":"2024-12-30T16:34:31","modified_gmt":"2024-12-30T15:34:31","slug":"ana-sayfa","status":"publish","type":"page","link":"https:\/\/praxis-evia.ch\/tr\/","title":{"rendered":"Ana sayfa"},"content":{"rendered":"\t\t<div data-elementor-type=\"wp-page\" data-elementor-id=\"1092\" class=\"elementor elementor-1092 elementor-2\" data-elementor-post-type=\"page\">\n\t\t\t\t<div class=\"elementor-element elementor-element-21fb37a e-con-full e-flex e-con e-parent\" data-id=\"21fb37a\" data-element_type=\"container\" data-settings=\"{&quot;background_background&quot;:&quot;classic&quot;}\">\n\t\t<div class=\"elementor-element elementor-element-933399e e-con-full e-flex e-con e-child\" data-id=\"933399e\" data-element_type=\"container\">\n\t\t\t\t<div class=\"elementor-element elementor-element-f5fbb8f elementor-absolute elementor-hidden-mobile elementor-widget elementor-widget-image\" data-id=\"f5fbb8f\" data-element_type=\"widget\" data-settings=\"{&quot;_position&quot;:&quot;absolute&quot;}\" data-widget_type=\"image.default\">\n\t\t\t\t<div class=\"elementor-widget-container\">\n\t\t\t\t\t\t\t\t\t\t\t\t\t\t\t<img fetchpriority=\"high\" decoding=\"async\" width=\"765\" height=\"453\" src=\"https:\/\/praxis-evia.ch\/wp-content\/uploads\/2023\/07\/Logo_schwarz_quer.svg\" class=\"attachment-full size-full wp-image-380\" alt=\"\" \/>\t\t\t\t\t\t\t\t\t\t\t\t\t\t\t<\/div>\n\t\t\t\t<\/div>\n\t\t\t\t<\/div>\n\t\t<div class=\"elementor-element elementor-element-06f8696 e-con-full e-flex e-con e-child\" data-id=\"06f8696\" data-element_type=\"container\" data-settings=\"{&quot;background_background&quot;:&quot;slideshow&quot;,&quot;background_slideshow_gallery&quot;:[{&quot;id&quot;:967,&quot;url&quot;:&quot;https:\\\/\\\/praxis-evia.ch\\\/wp-content\\\/uploads\\\/2024\\\/04\\\/GST05493.jpg&quot;},{&quot;id&quot;:970,&quot;url&quot;:&quot;https:\\\/\\\/praxis-evia.ch\\\/wp-content\\\/uploads\\\/2024\\\/04\\\/GST05510.jpg&quot;},{&quot;id&quot;:973,&quot;url&quot;:&quot;https:\\\/\\\/praxis-evia.ch\\\/wp-content\\\/uploads\\\/2024\\\/04\\\/GST05516.jpg&quot;},{&quot;id&quot;:976,&quot;url&quot;:&quot;https:\\\/\\\/praxis-evia.ch\\\/wp-content\\\/uploads\\\/2024\\\/04\\\/GST05477.jpg&quot;}],&quot;background_slideshow_loop&quot;:&quot;yes&quot;,&quot;background_slideshow_slide_duration&quot;:5000,&quot;background_slideshow_slide_transition&quot;:&quot;fade&quot;,&quot;background_slideshow_transition_duration&quot;:500}\">\n\t\t\t\t<div class=\"elementor-element elementor-element-675bfe0 elementor-hidden-tablet elementor-absolute elementor-hidden-desktop elementor-widget elementor-widget-image\" data-id=\"675bfe0\" data-element_type=\"widget\" data-settings=\"{&quot;_position&quot;:&quot;absolute&quot;}\" data-widget_type=\"image.default\">\n\t\t\t\t<div class=\"elementor-widget-container\">\n\t\t\t\t\t\t\t\t\t\t\t\t\t\t\t<img fetchpriority=\"high\" decoding=\"async\" width=\"765\" height=\"453\" src=\"https:\/\/praxis-evia.ch\/wp-content\/uploads\/2023\/07\/Logo_schwarz_quer.svg\" class=\"attachment-full size-full wp-image-380\" alt=\"\" \/>\t\t\t\t\t\t\t\t\t\t\t\t\t\t\t<\/div>\n\t\t\t\t<\/div>\n\t\t\t\t<\/div>\n\t\t\t\t<\/div>\n\t\t<div class=\"elementor-element elementor-element-6bfa04f e-flex e-con-boxed e-con e-parent\" data-id=\"6bfa04f\" data-element_type=\"container\" data-settings=\"{&quot;background_background&quot;:&quot;classic&quot;}\">\n\t\t\t\t\t<div class=\"e-con-inner\">\n\t\t\t\t<div class=\"elementor-element elementor-element-6499650 elementor-widget elementor-widget-heading\" data-id=\"6499650\" data-element_type=\"widget\" data-widget_type=\"heading.default\">\n\t\t\t\t<div class=\"elementor-widget-container\">\n\t\t\t\t\t<h1 class=\"elementor-heading-title elementor-size-default\">Praxis Evia<br>Basel'de Psikoterapi Merkezi<\/h1>\t\t\t\t<\/div>\n\t\t\t\t<\/div>\n\t\t\t\t<div class=\"elementor-element elementor-element-e87674d elementor-widget elementor-widget-text-editor\" data-id=\"e87674d\" data-element_type=\"widget\" data-widget_type=\"text-editor.default\">\n\t\t\t\t<div class=\"elementor-widget-container\">\n\t\t\t\t\t\t\t\t\t<p style=\"font-weight: 400;\">Psikoterapi, ya\u015fam\u0131n mevcut zorluklar\u0131 ve stresleri s\u0131ras\u0131nda size destek olabilece\u011finiz, ki\u015fisel hedeflerinize ula\u015fmak i\u00e7in kendinizi g\u00fcvende hissedebilece\u011finiz bir ortam sunar. En \u00f6nemli hedefimiz, size refah\u0131n\u0131z\u0131 art\u0131rmak ve ruh sa\u011fl\u0131\u011f\u0131n\u0131z\u0131 g\u00fc\u00e7lendirmek konusunda yard\u0131mc\u0131 olmakt\u0131r. Praxis Evia ekibi, size anlay\u0131\u015f, destek ve ki\u015fisel geli\u015fme sunmak i\u00e7in \u00e7aba g\u00f6stermektedir.<\/p>\n<p style=\"font-weight: 400;\">Bizimle, gen\u00e7ler ve yeti\u015fkinler, psikolojik stres durumunda destek alabilecekleri g\u00fcvenli bir alan bulurlar. Hayat\u0131n \u00e7e\u015fitli zorluklar\u0131n\u0131 anl\u0131yoruz ve geni\u015f bir terapi yelpazesi sunuyoruz.<\/p>\n<p style=\"font-weight: 400;\">L\u00fctfen, psikoterapi i\u00e7in bizimle ileti\u015fime ge\u00e7ip <a href=\"https:\/\/praxis-evia.ch\/tr\/kayit\/\">kay\u0131t formunu<\/a> kullanmaktan \u00e7ekinmeyin.<\/p>\n\t\t\t\t\t\t\t\t<\/div>\n\t\t\t\t<\/div>\n\t\t\t\t\t<\/div>\n\t\t\t\t<\/div>\n\t\t<div class=\"elementor-element elementor-element-f36d9c3 e-flex e-con-boxed e-con e-parent\" data-id=\"f36d9c3\" data-element_type=\"container\" data-settings=\"{&quot;background_background&quot;:&quot;classic&quot;}\">\n\t\t\t\t\t<div class=\"e-con-inner\">\n\t\t<div class=\"elementor-element elementor-element-8609db3 e-con-full e-flex e-con e-child\" data-id=\"8609db3\" data-element_type=\"container\" data-settings=\"{&quot;background_background&quot;:&quot;classic&quot;}\">\n\t\t\t\t<div class=\"elementor-element elementor-element-e1590bf elementor-widget elementor-widget-image\" data-id=\"e1590bf\" data-element_type=\"widget\" data-widget_type=\"image.default\">\n\t\t\t\t<div class=\"elementor-widget-container\">\n\t\t\t\t\t\t\t\t\t\t\t\t\t\t\t<img decoding=\"async\" src=\"https:\/\/praxis-evia.ch\/wp-content\/uploads\/elementor\/thumbs\/GST05476-qn8hepy0jhxynpdy3aq64qqc5g2bf2cvlxleexiy00.jpg\" title=\"GST05476\" alt=\"GST05476\" loading=\"lazy\" \/>\t\t\t\t\t\t\t\t\t\t\t\t\t\t\t<\/div>\n\t\t\t\t<\/div>\n\t\t<div class=\"elementor-element elementor-element-70f26f8 e-flex e-con-boxed e-con e-child\" data-id=\"70f26f8\" data-element_type=\"container\">\n\t\t\t\t\t<div class=\"e-con-inner\">\n\t\t<div class=\"elementor-element elementor-element-e6b2dd5 e-flex e-con-boxed e-con e-child\" data-id=\"e6b2dd5\" data-element_type=\"container\">\n\t\t\t\t\t<div class=\"e-con-inner\">\n\t\t\t\t<div class=\"elementor-element elementor-element-b4ebfeb elementor-widget elementor-widget-heading\" data-id=\"b4ebfeb\" data-element_type=\"widget\" data-widget_type=\"heading.default\">\n\t\t\t\t<div class=\"elementor-widget-container\">\n\t\t\t\t\t<h2 class=\"elementor-heading-title elementor-size-default\">Hizmetlerimiz<\/h2>\t\t\t\t<\/div>\n\t\t\t\t<\/div>\n\t\t\t\t<div class=\"elementor-element elementor-element-1b97ccb elementor-widget elementor-widget-text-editor\" data-id=\"1b97ccb\" data-element_type=\"widget\" data-widget_type=\"text-editor.default\">\n\t\t\t\t<div class=\"elementor-widget-container\">\n\t\t\t\t\t\t\t\t\t<p>Gen\u00e7ler ve yeti\u015fkinlerle yap\u0131lan psikoterapi hizmetlerimiz hakk\u0131nda bilgi alabilir, ayr\u0131ca ebeveyn dan\u0131\u015fmanl\u0131\u011f\u0131 veya psikolojik acil yard\u0131m hizmetlerimiz hakk\u0131nda da detayl\u0131 bilgi edinebilirsiniz.<\/p>\n\t\t\t\t\t\t\t\t<\/div>\n\t\t\t\t<\/div>\n\t\t\t\t\t<\/div>\n\t\t\t\t<\/div>\n\t\t\t\t<div class=\"elementor-element elementor-element-a5a1824 elementor-align-left elementor-widget elementor-widget-button\" data-id=\"a5a1824\" data-element_type=\"widget\" data-widget_type=\"button.default\">\n\t\t\t\t<div class=\"elementor-widget-container\">\n\t\t\t\t\t\t\t\t\t<div class=\"elementor-button-wrapper\">\n\t\t\t\t\t<a class=\"elementor-button elementor-button-link elementor-size-sm\" href=\"https:\/\/praxis-evia.ch\/tr\/hizmetler\/\">\n\t\t\t\t\t\t<span class=\"elementor-button-content-wrapper\">\n\t\t\t\t\t\t\t\t\t<span class=\"elementor-button-text\">Hizmetlerimiz<\/span>\n\t\t\t\t\t<\/span>\n\t\t\t\t\t<\/a>\n\t\t\t\t<\/div>\n\t\t\t\t\t\t\t\t<\/div>\n\t\t\t\t<\/div>\n\t\t\t\t\t<\/div>\n\t\t\t\t<\/div>\n\t\t\t\t<\/div>\n\t\t<div class=\"elementor-element elementor-element-4c9c799 e-con-full e-flex e-con e-child\" data-id=\"4c9c799\" data-element_type=\"container\" data-settings=\"{&quot;background_background&quot;:&quot;classic&quot;}\">\n\t\t\t\t<div class=\"elementor-element elementor-element-c101b8e elementor-widget elementor-widget-image\" data-id=\"c101b8e\" data-element_type=\"widget\" data-widget_type=\"image.default\">\n\t\t\t\t<div class=\"elementor-widget-container\">\n\t\t\t\t\t\t\t\t\t\t\t\t\t\t\t<img decoding=\"async\" src=\"https:\/\/praxis-evia.ch\/wp-content\/uploads\/elementor\/thumbs\/GST05528-qkiox9awb1wtycmeutz3ezzltivty0f15qi81efan4.jpg\" title=\"GST05528\" alt=\"GST05528\" loading=\"lazy\" \/>\t\t\t\t\t\t\t\t\t\t\t\t\t\t\t<\/div>\n\t\t\t\t<\/div>\n\t\t<div class=\"elementor-element elementor-element-f744b4f e-flex e-con-boxed e-con e-child\" data-id=\"f744b4f\" data-element_type=\"container\">\n\t\t\t\t\t<div class=\"e-con-inner\">\n\t\t<div class=\"elementor-element elementor-element-309f59c e-flex e-con-boxed e-con e-child\" data-id=\"309f59c\" data-element_type=\"container\">\n\t\t\t\t\t<div class=\"e-con-inner\">\n\t\t\t\t<div class=\"elementor-element elementor-element-75f20c6 elementor-widget elementor-widget-heading\" data-id=\"75f20c6\" data-element_type=\"widget\" data-widget_type=\"heading.default\">\n\t\t\t\t<div class=\"elementor-widget-container\">\n\t\t\t\t\t<h2 class=\"elementor-heading-title elementor-size-default\">Ekibimiz<\/h2>\t\t\t\t<\/div>\n\t\t\t\t<\/div>\n\t\t\t\t<div class=\"elementor-element elementor-element-1135e2a elementor-widget elementor-widget-text-editor\" data-id=\"1135e2a\" data-element_type=\"widget\" data-widget_type=\"text-editor.default\">\n\t\t\t\t<div class=\"elementor-widget-container\">\n\t\t\t\t\t\t\t\t\t<div><span lang=\"IT-CH\">Praxis Evia ekibi kendini tan\u0131t\u0131yor.<\/span><\/div>\n\t\t\t\t\t\t\t\t<\/div>\n\t\t\t\t<\/div>\n\t\t\t\t\t<\/div>\n\t\t\t\t<\/div>\n\t\t\t\t<div class=\"elementor-element elementor-element-0f98674 elementor-align-left elementor-widget elementor-widget-button\" data-id=\"0f98674\" data-element_type=\"widget\" data-widget_type=\"button.default\">\n\t\t\t\t<div class=\"elementor-widget-container\">\n\t\t\t\t\t\t\t\t\t<div class=\"elementor-button-wrapper\">\n\t\t\t\t\t<a class=\"elementor-button elementor-button-link elementor-size-sm\" href=\"https:\/\/praxis-evia.ch\/tr\/ekibimiz\/\">\n\t\t\t\t\t\t<span class=\"elementor-button-content-wrapper\">\n\t\t\t\t\t\t\t\t\t<span class=\"elementor-button-text\">Ekibimiz<\/span>\n\t\t\t\t\t<\/span>\n\t\t\t\t\t<\/a>\n\t\t\t\t<\/div>\n\t\t\t\t\t\t\t\t<\/div>\n\t\t\t\t<\/div>\n\t\t\t\t\t<\/div>\n\t\t\t\t<\/div>\n\t\t\t\t<\/div>\n\t\t<div class=\"elementor-element elementor-element-6ba516a e-con-full e-flex e-con e-child\" data-id=\"6ba516a\" data-element_type=\"container\" data-settings=\"{&quot;background_background&quot;:&quot;classic&quot;}\">\n\t\t\t\t<div class=\"elementor-element elementor-element-acc2cde elementor-widget elementor-widget-image\" data-id=\"acc2cde\" data-element_type=\"widget\" data-widget_type=\"image.default\">\n\t\t\t\t<div class=\"elementor-widget-container\">\n\t\t\t\t\t\t\t\t\t\t\t\t\t\t\t<img decoding=\"async\" src=\"https:\/\/praxis-evia.ch\/wp-content\/uploads\/elementor\/thumbs\/GST05474-scaled-qn8hycsnawtl6gv7fs9m7scyv7ac7gb0z46jb0ew0w.jpg\" title=\"GST05474\" alt=\"GST05474\" loading=\"lazy\" \/>\t\t\t\t\t\t\t\t\t\t\t\t\t\t\t<\/div>\n\t\t\t\t<\/div>\n\t\t<div class=\"elementor-element elementor-element-ee458e5 e-flex e-con-boxed e-con e-child\" data-id=\"ee458e5\" data-element_type=\"container\">\n\t\t\t\t\t<div class=\"e-con-inner\">\n\t\t<div class=\"elementor-element elementor-element-9b2013b e-flex e-con-boxed e-con e-child\" data-id=\"9b2013b\" data-element_type=\"container\">\n\t\t\t\t\t<div class=\"e-con-inner\">\n\t\t\t\t<div class=\"elementor-element elementor-element-1c4f08b elementor-widget elementor-widget-heading\" data-id=\"1c4f08b\" data-element_type=\"widget\" data-widget_type=\"heading.default\">\n\t\t\t\t<div class=\"elementor-widget-container\">\n\t\t\t\t\t<h2 class=\"elementor-heading-title elementor-size-default\">Kay\u0131t<\/h2>\t\t\t\t<\/div>\n\t\t\t\t<\/div>\n\t\t\t\t<div class=\"elementor-element elementor-element-4405f96 elementor-widget elementor-widget-text-editor\" data-id=\"4405f96\" data-element_type=\"widget\" data-widget_type=\"text-editor.default\">\n\t\t\t\t<div class=\"elementor-widget-container\">\n\t\t\t\t\t\t\t\t\t<p>Kay\u0131t s\u00fcreci ve kay\u0131t formu hakk\u0131nda daha fazla bilgi alabilirsiniz.<\/p>\n\t\t\t\t\t\t\t\t<\/div>\n\t\t\t\t<\/div>\n\t\t\t\t\t<\/div>\n\t\t\t\t<\/div>\n\t\t\t\t<div class=\"elementor-element elementor-element-fa97774 elementor-align-left elementor-widget elementor-widget-button\" data-id=\"fa97774\" data-element_type=\"widget\" data-widget_type=\"button.default\">\n\t\t\t\t<div class=\"elementor-widget-container\">\n\t\t\t\t\t\t\t\t\t<div class=\"elementor-button-wrapper\">\n\t\t\t\t\t<a class=\"elementor-button elementor-button-link elementor-size-sm\" href=\"https:\/\/praxis-evia.ch\/tr\/kayit\/\">\n\t\t\t\t\t\t<span class=\"elementor-button-content-wrapper\">\n\t\t\t\t\t\t\t\t\t<span class=\"elementor-button-text\">Kay\u0131t<\/span>\n\t\t\t\t\t<\/span>\n\t\t\t\t\t<\/a>\n\t\t\t\t<\/div>\n\t\t\t\t\t\t\t\t<\/div>\n\t\t\t\t<\/div>\n\t\t\t\t\t<\/div>\n\t\t\t\t<\/div>\n\t\t\t\t<\/div>\n\t\t\t\t\t<\/div>\n\t\t\t\t<\/div>\n\t\t\t\t<\/div>\n\t\t","protected":false},"excerpt":{"rendered":"<p>Praxis EviaBasel&#8217;de Psikoterapi Merkezi Psikoterapi, ya\u015fam\u0131n mevcut zorluklar\u0131 ve stresleri s\u0131ras\u0131nda size destek olabilece\u011finiz, ki\u015fisel hedeflerinize ula\u015fmak i\u00e7in kendinizi g\u00fcvende hissedebilece\u011finiz bir ortam sunar. En \u00f6nemli hedefimiz, size refah\u0131n\u0131z\u0131 art\u0131rmak ve ruh sa\u011fl\u0131\u011f\u0131n\u0131z\u0131 g\u00fc\u00e7lendirmek konusunda yard\u0131mc\u0131 olmakt\u0131r. Praxis Evia ekibi, size anlay\u0131\u015f, destek ve ki\u015fisel geli\u015fme sunmak i\u00e7in \u00e7aba g\u00f6stermektedir. Bizimle, gen\u00e7ler ve yeti\u015fkinler, psikolojik [&hellip;]<\/p>\n","protected":false},"author":1,"featured_media":0,"parent":0,"menu_order":0,"comment_status":"closed","ping_status":"closed","template":"","meta":{"_acf_changed":false,"footnotes":""},"class_list":["post-1092","page","type-page","status-publish","hentry"],"acf":[],"_links":{"self":[{"href":"https:\/\/praxis-evia.ch\/tr\/wp-json\/wp\/v2\/pages\/1092","targetHints":{"allow":["GET"]}}],"collection":[{"href":"https:\/\/praxis-evia.ch\/tr\/wp-json\/wp\/v2\/pages"}],"about":[{"href":"https:\/\/praxis-evia.ch\/tr\/wp-json\/wp\/v2\/types\/page"}],"author":[{"embeddable":true,"href":"https:\/\/praxis-evia.ch\/tr\/wp-json\/wp\/v2\/users\/1"}],"replies":[{"embeddable":true,"href":"https:\/\/praxis-evia.ch\/tr\/wp-json\/wp\/v2\/comments?post=1092"}],"version-history":[{"count":15,"href":"https:\/\/praxis-evia.ch\/tr\/wp-json\/wp\/v2\/pages\/1092\/revisions"}],"predecessor-version":[{"id":1255,"href":"https:\/\/praxis-evia.ch\/tr\/wp-json\/wp\/v2\/pages\/1092\/revisions\/1255"}],"wp:attachment":[{"href":"https:\/\/praxis-evia.ch\/tr\/wp-json\/wp\/v2\/media?parent=1092"}],"curies":[{"name":"wp","href":"https:\/\/api.w.org\/{rel}","templated":true}]}}