{"id":1090,"date":"2023-08-02T15:02:18","date_gmt":"2023-08-02T13:02:18","guid":{"rendered":"https:\/\/praxis-evia.ch\/acil-bir-durumda\/"},"modified":"2024-05-04T22:43:44","modified_gmt":"2024-05-04T20:43:44","slug":"acil-bir-durumda","status":"publish","type":"page","link":"https:\/\/praxis-evia.ch\/tr\/acil-bir-durumda\/","title":{"rendered":"Acil bir durumda"},"content":{"rendered":"\t\t<div data-elementor-type=\"wp-page\" data-elementor-id=\"1090\" class=\"elementor elementor-1090 elementor-184\" data-elementor-post-type=\"page\">\n\t\t\t\t<div class=\"elementor-element elementor-element-4262731 e-flex e-con-boxed e-con e-parent\" data-id=\"4262731\" data-element_type=\"container\" data-settings=\"{&quot;background_background&quot;:&quot;classic&quot;}\">\n\t\t\t\t\t<div class=\"e-con-inner\">\n\t\t\t\t<div class=\"elementor-element elementor-element-eb378ec elementor-widget elementor-widget-heading\" data-id=\"eb378ec\" data-element_type=\"widget\" data-widget_type=\"heading.default\">\n\t\t\t\t<div class=\"elementor-widget-container\">\n\t\t\t\t\t<h1 class=\"elementor-heading-title elementor-size-default\">Acil bir durumda<\/h1>\t\t\t\t<\/div>\n\t\t\t\t<\/div>\n\t\t\t\t<div class=\"elementor-element elementor-element-a9837a0 elementor-widget elementor-widget-text-editor\" data-id=\"a9837a0\" data-element_type=\"widget\" data-widget_type=\"text-editor.default\">\n\t\t\t\t<div class=\"elementor-widget-container\">\n\t\t\t\t\t\t\t\t\t<div>\n<p>Psikolojik ve t\u0131bbi acil durumlarda g\u00fcn\u00fcn 24 saati acil \u00e7a\u011fr\u0131 merkezini arayabilirsiniz:<\/p>\n<div>\n<p><a href=\"https:\/\/www.mnznotruf.ch\/de\/notrufzentrale.html\" target=\"_blank\" rel=\"noopener\">T\u0131bbi acil \u00e7a\u011fr\u0131 merkezi<\/a><\/p>\n<\/div>\n<\/div>\n<div>\n<div>\n<p>Psikiyatrik ve t\u0131bbi acil durumlarda g\u00fcn\u00fcn 24 saati acil \u00e7a\u011fr\u0131 merkezini arayabilirsiniz:<\/p>\n<\/div>\n<p><a href=\"tel:+41612611515\">061 261 15 15<\/a><\/p>\n<div>\n<p>Psikolojik kriz durumlar\u0131nda buradan h\u0131zl\u0131 bir \u015fekilde randevu alabilirsiniz:<\/p>\n<p>(Randevular randevu ile veya \u00e7al\u0131\u015fma saatleri i\u00e7inde \u00f6nceden randevu almadan)<\/p>\n<p><a href=\"tel:+41613258181\">061 325 81 81<\/a><\/p>\n<div>\n<p>Hayati tehlike arz eden durumlarda her zaman do\u011frudan<\/p>\n<div>\n<p>Hayati tehlike arz eden durumlarda her zaman do\u011frudan<span class=\"apple-converted-space\">\u00a0<\/span><b><a href=\"tel:144\">144<\/a><\/b><span class=\"apple-converted-space\">\u00a0<\/span>numaral\u0131 telefondan acil sa\u011fl\u0131k hizmetlerini aray\u0131n.<\/p>\n<\/div>\n<p><span class=\"apple-converted-space\">\u00a0<\/span>numaral\u0131 telefondan acil sa\u011fl\u0131k hizmetlerini aray\u0131n.<\/p>\n<\/div>\n<\/div>\n<\/div>\n\t\t\t\t\t\t\t\t<\/div>\n\t\t\t\t<\/div>\n\t\t\t\t\t<\/div>\n\t\t\t\t<\/div>\n\t\t<div class=\"elementor-element elementor-element-d493ce3 e-flex e-con-boxed e-con e-parent\" data-id=\"d493ce3\" data-element_type=\"container\" data-settings=\"{&quot;background_background&quot;:&quot;classic&quot;}\">\n\t\t\t\t\t<div class=\"e-con-inner\">\n\t\t<div class=\"elementor-element elementor-element-2bfc50a e-con-full e-flex e-con e-child\" data-id=\"2bfc50a\" data-element_type=\"container\" data-settings=\"{&quot;background_background&quot;:&quot;classic&quot;}\">\n\t\t<div class=\"elementor-element elementor-element-49d1b0a e-flex e-con-boxed e-con e-child\" data-id=\"49d1b0a\" data-element_type=\"container\">\n\t\t\t\t\t<div class=\"e-con-inner\">\n\t\t\t\t<div class=\"elementor-element elementor-element-1ccbb6c elementor-widget elementor-widget-heading\" data-id=\"1ccbb6c\" data-element_type=\"widget\" data-widget_type=\"heading.default\">\n\t\t\t\t<div class=\"elementor-widget-container\">\n\t\t\t\t\t<h2 class=\"elementor-heading-title elementor-size-default\">Basel \u00dcniversitesi Psikiyatri Klinikleri (UPK)<\/h2>\t\t\t\t<\/div>\n\t\t\t\t<\/div>\n\t\t\t\t<div class=\"elementor-element elementor-element-98cc651 elementor-icon-list--layout-traditional elementor-list-item-link-full_width elementor-widget elementor-widget-icon-list\" data-id=\"98cc651\" data-element_type=\"widget\" data-widget_type=\"icon-list.default\">\n\t\t\t\t<div class=\"elementor-widget-container\">\n\t\t\t\t\t\t\t<ul class=\"elementor-icon-list-items\">\n\t\t\t\t\t\t\t<li class=\"elementor-icon-list-item\">\n\t\t\t\t\t\t\t\t\t\t\t<a href=\"https:\/\/www.upk.ch\/startseite\" target=\"_blank\" rel=\"noopener\">\n\n\t\t\t\t\t\t\t\t\t\t\t\t<span class=\"elementor-icon-list-icon\">\n\t\t\t\t\t\t\t<i aria-hidden=\"true\" class=\"fas fa-external-link-alt\"><\/i>\t\t\t\t\t\t<\/span>\n\t\t\t\t\t\t\t\t\t\t<span class=\"elementor-icon-list-text\">www.upk.ch<\/span>\n\t\t\t\t\t\t\t\t\t\t\t<\/a>\n\t\t\t\t\t\t\t\t\t<\/li>\n\t\t\t\t\t\t<\/ul>\n\t\t\t\t\t\t<\/div>\n\t\t\t\t<\/div>\n\t\t\t\t\t<\/div>\n\t\t\t\t<\/div>\n\t\t\t\t<\/div>\n\t\t<div class=\"elementor-element elementor-element-222e223 e-con-full e-flex e-con e-child\" data-id=\"222e223\" data-element_type=\"container\" data-settings=\"{&quot;background_background&quot;:&quot;classic&quot;}\">\n\t\t<div class=\"elementor-element elementor-element-91cea70 e-flex e-con-boxed e-con e-child\" data-id=\"91cea70\" data-element_type=\"container\">\n\t\t\t\t\t<div class=\"e-con-inner\">\n\t\t\t\t<div class=\"elementor-element elementor-element-a086142 elementor-widget elementor-widget-heading\" data-id=\"a086142\" data-element_type=\"widget\" data-widget_type=\"heading.default\">\n\t\t\t\t<div class=\"elementor-widget-container\">\n\t\t\t\t\t<h2 class=\"elementor-heading-title elementor-size-default\">Basel \u00c7ocuk ve Ergen Klini\u011fi (UPKKJ)<\/h2>\t\t\t\t<\/div>\n\t\t\t\t<\/div>\n\t\t\t\t<div class=\"elementor-element elementor-element-b3a45a1 elementor-icon-list--layout-traditional elementor-list-item-link-full_width elementor-widget elementor-widget-icon-list\" data-id=\"b3a45a1\" data-element_type=\"widget\" data-widget_type=\"icon-list.default\">\n\t\t\t\t<div class=\"elementor-widget-container\">\n\t\t\t\t\t\t\t<ul class=\"elementor-icon-list-items\">\n\t\t\t\t\t\t\t<li class=\"elementor-icon-list-item\">\n\t\t\t\t\t\t\t\t\t\t\t<a href=\"https:\/\/www.upk.ch\/kinder-und-jugendliche\" target=\"_blank\" rel=\"noopener\">\n\n\t\t\t\t\t\t\t\t\t\t\t\t<span class=\"elementor-icon-list-icon\">\n\t\t\t\t\t\t\t<i aria-hidden=\"true\" class=\"fas fa-external-link-alt\"><\/i>\t\t\t\t\t\t<\/span>\n\t\t\t\t\t\t\t\t\t\t<span class=\"elementor-icon-list-text\">www.upk.ch\/kinder-und-jugendliche<\/span>\n\t\t\t\t\t\t\t\t\t\t\t<\/a>\n\t\t\t\t\t\t\t\t\t<\/li>\n\t\t\t\t\t\t<\/ul>\n\t\t\t\t\t\t<\/div>\n\t\t\t\t<\/div>\n\t\t\t\t\t<\/div>\n\t\t\t\t<\/div>\n\t\t\t\t<\/div>\n\t\t<div class=\"elementor-element elementor-element-908c1a4 e-con-full e-flex e-con e-child\" data-id=\"908c1a4\" data-element_type=\"container\" data-settings=\"{&quot;background_background&quot;:&quot;classic&quot;}\">\n\t\t<div class=\"elementor-element elementor-element-86b8d4a e-flex e-con-boxed e-con e-child\" data-id=\"86b8d4a\" data-element_type=\"container\">\n\t\t\t\t\t<div class=\"e-con-inner\">\n\t\t\t\t<div class=\"elementor-element elementor-element-3aae885 elementor-widget elementor-widget-heading\" data-id=\"3aae885\" data-element_type=\"widget\" data-widget_type=\"heading.default\">\n\t\t\t\t<div class=\"elementor-widget-container\">\n\t\t\t\t\t<h2 class=\"elementor-heading-title elementor-size-default\">\u00c7ocuk ve Ergen Psikiyatrisi Baselland (PBL)<\/h2>\t\t\t\t<\/div>\n\t\t\t\t<\/div>\n\t\t\t\t<div class=\"elementor-element elementor-element-597668c elementor-icon-list--layout-traditional elementor-list-item-link-full_width elementor-widget elementor-widget-icon-list\" data-id=\"597668c\" data-element_type=\"widget\" data-widget_type=\"icon-list.default\">\n\t\t\t\t<div class=\"elementor-widget-container\">\n\t\t\t\t\t\t\t<ul class=\"elementor-icon-list-items\">\n\t\t\t\t\t\t\t<li class=\"elementor-icon-list-item\">\n\t\t\t\t\t\t\t\t\t\t\t<a href=\"https:\/\/www.pbl.ch\/kinder-und-jugendliche\/behandlung\/ambulant\" target=\"_blank\" rel=\"noopener\">\n\n\t\t\t\t\t\t\t\t\t\t\t\t<span class=\"elementor-icon-list-icon\">\n\t\t\t\t\t\t\t<i aria-hidden=\"true\" class=\"fas fa-external-link-alt\"><\/i>\t\t\t\t\t\t<\/span>\n\t\t\t\t\t\t\t\t\t\t<span class=\"elementor-icon-list-text\">www.pbl.ch<\/span>\n\t\t\t\t\t\t\t\t\t\t\t<\/a>\n\t\t\t\t\t\t\t\t\t<\/li>\n\t\t\t\t\t\t<\/ul>\n\t\t\t\t\t\t<\/div>\n\t\t\t\t<\/div>\n\t\t\t\t\t<\/div>\n\t\t\t\t<\/div>\n\t\t\t\t<\/div>\n\t\t\t\t\t<\/div>\n\t\t\t\t<\/div>\n\t\t\t\t<\/div>\n\t\t","protected":false},"excerpt":{"rendered":"<p>Acil bir durumda Psikolojik ve t\u0131bbi acil durumlarda g\u00fcn\u00fcn 24 saati acil \u00e7a\u011fr\u0131 merkezini arayabilirsiniz: T\u0131bbi acil \u00e7a\u011fr\u0131 merkezi Psikiyatrik ve t\u0131bbi acil durumlarda g\u00fcn\u00fcn 24 saati acil \u00e7a\u011fr\u0131 merkezini arayabilirsiniz: 061 261 15 15 Psikolojik kriz durumlar\u0131nda buradan h\u0131zl\u0131 bir \u015fekilde randevu alabilirsiniz: (Randevular randevu ile veya \u00e7al\u0131\u015fma saatleri i\u00e7inde \u00f6nceden randevu almadan) 061 [&hellip;]<\/p>\n","protected":false},"author":1,"featured_media":0,"parent":0,"menu_order":0,"comment_status":"closed","ping_status":"closed","template":"","meta":{"_acf_changed":false,"footnotes":""},"class_list":["post-1090","page","type-page","status-publish","hentry"],"acf":[],"_links":{"self":[{"href":"https:\/\/praxis-evia.ch\/tr\/wp-json\/wp\/v2\/pages\/1090","targetHints":{"allow":["GET"]}}],"collection":[{"href":"https:\/\/praxis-evia.ch\/tr\/wp-json\/wp\/v2\/pages"}],"about":[{"href":"https:\/\/praxis-evia.ch\/tr\/wp-json\/wp\/v2\/types\/page"}],"author":[{"embeddable":true,"href":"https:\/\/praxis-evia.ch\/tr\/wp-json\/wp\/v2\/users\/1"}],"replies":[{"embeddable":true,"href":"https:\/\/praxis-evia.ch\/tr\/wp-json\/wp\/v2\/comments?post=1090"}],"version-history":[{"count":1,"href":"https:\/\/praxis-evia.ch\/tr\/wp-json\/wp\/v2\/pages\/1090\/revisions"}],"predecessor-version":[{"id":1091,"href":"https:\/\/praxis-evia.ch\/tr\/wp-json\/wp\/v2\/pages\/1090\/revisions\/1091"}],"wp:attachment":[{"href":"https:\/\/praxis-evia.ch\/tr\/wp-json\/wp\/v2\/media?parent=1090"}],"curies":[{"name":"wp","href":"https:\/\/api.w.org\/{rel}","templated":true}]}}