{"id":1086,"date":"2023-08-02T15:02:38","date_gmt":"2023-08-02T13:02:38","guid":{"rendered":"https:\/\/praxis-evia.ch\/hizmetler\/"},"modified":"2025-10-21T11:06:40","modified_gmt":"2025-10-21T09:06:40","slug":"hizmetler","status":"publish","type":"page","link":"https:\/\/praxis-evia.ch\/tr\/hizmetler\/","title":{"rendered":"Hizmetler"},"content":{"rendered":"\t\t<div data-elementor-type=\"wp-page\" data-elementor-id=\"1086\" class=\"elementor elementor-1086 elementor-188\" data-elementor-post-type=\"page\">\n\t\t\t\t<div class=\"elementor-element elementor-element-903706c e-con-full e-flex e-con e-parent\" data-id=\"903706c\" data-element_type=\"container\" data-settings=\"{&quot;background_background&quot;:&quot;classic&quot;}\">\n\t\t<div class=\"elementor-element elementor-element-484611b e-con-full e-flex e-con e-child\" data-id=\"484611b\" data-element_type=\"container\">\n\t\t\t\t<div class=\"elementor-element elementor-element-fc89124 elementor-absolute elementor-hidden-mobile elementor-widget elementor-widget-heading\" data-id=\"fc89124\" data-element_type=\"widget\" data-settings=\"{&quot;_position&quot;:&quot;absolute&quot;}\" data-widget_type=\"heading.default\">\n\t\t\t\t<div class=\"elementor-widget-container\">\n\t\t\t\t\t<h2 class=\"elementor-heading-title elementor-size-default\">Hizmetler<\/h2>\t\t\t\t<\/div>\n\t\t\t\t<\/div>\n\t\t\t\t<\/div>\n\t\t<div class=\"elementor-element elementor-element-33238f0 e-con-full e-flex e-con e-child\" data-id=\"33238f0\" data-element_type=\"container\" data-settings=\"{&quot;background_background&quot;:&quot;slideshow&quot;,&quot;background_slideshow_gallery&quot;:[{&quot;id&quot;:1035,&quot;url&quot;:&quot;https:\\\/\\\/praxis-evia.ch\\\/wp-content\\\/uploads\\\/2024\\\/04\\\/GST05476-1.jpg&quot;}],&quot;background_slideshow_slide_duration&quot;:5000,&quot;background_slideshow_slide_transition&quot;:&quot;fade&quot;,&quot;background_slideshow_transition_duration&quot;:500}\">\n\t\t\t\t<div class=\"elementor-element elementor-element-5a73932 elementor-absolute elementor-hidden-desktop elementor-hidden-tablet elementor-widget elementor-widget-heading\" data-id=\"5a73932\" data-element_type=\"widget\" data-settings=\"{&quot;_position&quot;:&quot;absolute&quot;}\" data-widget_type=\"heading.default\">\n\t\t\t\t<div class=\"elementor-widget-container\">\n\t\t\t\t\t<h2 class=\"elementor-heading-title elementor-size-default\">Hizmetler<\/h2>\t\t\t\t<\/div>\n\t\t\t\t<\/div>\n\t\t\t\t<\/div>\n\t\t\t\t<\/div>\n\t\t<div class=\"elementor-element elementor-element-764961d e-flex e-con-boxed e-con e-parent\" data-id=\"764961d\" data-element_type=\"container\" data-settings=\"{&quot;background_background&quot;:&quot;classic&quot;}\">\n\t\t\t\t\t<div class=\"e-con-inner\">\n\t\t\t\t<div class=\"elementor-element elementor-element-cd0164f elementor-widget elementor-widget-heading\" data-id=\"cd0164f\" data-element_type=\"widget\" data-widget_type=\"heading.default\">\n\t\t\t\t<div class=\"elementor-widget-container\">\n\t\t\t\t\t<h1 class=\"elementor-heading-title elementor-size-default\">Gen\u00e7ler ve Yeti\u015fkinler \u0130\u00e7in Psikoterapi: Almanca, \u0130ngilizce veya T\u00fcrk\u00e7e<\/h1>\t\t\t\t<\/div>\n\t\t\t\t<\/div>\n\t\t\t\t<div class=\"elementor-element elementor-element-696b3ba elementor-widget elementor-widget-text-editor\" data-id=\"696b3ba\" data-element_type=\"widget\" data-widget_type=\"text-editor.default\">\n\t\t\t\t<div class=\"elementor-widget-container\">\n\t\t\t\t\t\t\t\t\t<p style=\"font-weight: 400;\">Psikoterap\u00f6tik y\u00f6ntem, ki\u015fisel sorun alanlar\u0131n\u0131za ve hedeflerinize dayan\u0131r ve psikoterapistinizin terap\u00f6tik temel e\u011fitimine dayan\u0131r. <span lang=\"IT-CH\">Bir ba\u015flang\u0131\u00e7 g\u00f6r\u00fc\u015fmesinde ki\u015fisel terapi konular\u0131 ve hedefleri birlikte belirlenir ve de\u011fi\u015fim i\u00e7in bir psikoterapinin nereden ba\u015flayabilece\u011fi tart\u0131\u015f\u0131l\u0131r. <\/span>Praxis Evia&#8217;da, \u0130svi\u00e7re Psikologlar Federasyonu (FSP) Meslek Y\u00f6netmeli\u011fi ve \u0130svi\u00e7re Veri Koruma Y\u00f6netmelikleri&#8217;ne g\u00f6re \u00e7al\u0131\u015fmaktay\u0131z.<\/p>\n\t\t\t\t\t\t\t\t<\/div>\n\t\t\t\t<\/div>\n\t\t\t\t\t<\/div>\n\t\t\t\t<\/div>\n\t\t<div class=\"elementor-element elementor-element-122ac88 e-flex e-con-boxed e-con e-parent\" data-id=\"122ac88\" data-element_type=\"container\" data-settings=\"{&quot;background_background&quot;:&quot;classic&quot;}\">\n\t\t\t\t\t<div class=\"e-con-inner\">\n\t\t<div class=\"elementor-element elementor-element-f749cfb e-con-full e-flex e-con e-child\" data-id=\"f749cfb\" data-element_type=\"container\" data-settings=\"{&quot;background_background&quot;:&quot;classic&quot;}\">\n\t\t\t\t<div class=\"elementor-element elementor-element-1ce029f elementor-widget elementor-widget-image\" data-id=\"1ce029f\" data-element_type=\"widget\" data-widget_type=\"image.default\">\n\t\t\t\t<div class=\"elementor-widget-container\">\n\t\t\t\t\t\t\t\t\t\t\t\t\t\t\t<img decoding=\"async\" src=\"https:\/\/praxis-evia.ch\/wp-content\/uploads\/elementor\/thumbs\/GST05521-qn8hqwwn74mv9lobw2gxz5ylkdyq9priya95j5g3a8.jpg\" title=\"GST05521\" alt=\"GST05521\" loading=\"lazy\" \/>\t\t\t\t\t\t\t\t\t\t\t\t\t\t\t<\/div>\n\t\t\t\t<\/div>\n\t\t<div class=\"elementor-element elementor-element-5485b57 e-flex e-con-boxed e-con e-child\" data-id=\"5485b57\" data-element_type=\"container\">\n\t\t\t\t\t<div class=\"e-con-inner\">\n\t\t\t\t<div class=\"elementor-element elementor-element-48e11e0 elementor-widget elementor-widget-heading\" data-id=\"48e11e0\" data-element_type=\"widget\" data-widget_type=\"heading.default\">\n\t\t\t\t<div class=\"elementor-widget-container\">\n\t\t\t\t\t<h2 class=\"elementor-heading-title elementor-size-default\">Gen\u00e7ler \u0130\u00e7in Psikoterapi<\/h2>\t\t\t\t<\/div>\n\t\t\t\t<\/div>\n\t\t\t\t<div class=\"elementor-element elementor-element-969d111 elementor-widget elementor-widget-text-editor\" data-id=\"969d111\" data-element_type=\"widget\" data-widget_type=\"text-editor.default\">\n\t\t\t\t<div class=\"elementor-widget-container\">\n\t\t\t\t\t\t\t\t\t<div><span lang=\"IT-CH\">Gen\u00e7ler i\u00e7in oyun ve konu\u015fma terapisi, bireyin bireysel geli\u015fimine ve ihtiya\u00e7lar\u0131na odaklanan bir humanistik ve bili\u015fsel-davran\u0131\u015f\u00e7\u0131 yakla\u015f\u0131ma dayanmaktad\u0131r. Zorluklarla ba\u015fa \u00e7\u0131kmak, duygular\u0131 anlamak ve sa\u011fl\u0131kl\u0131 ba\u015fa \u00e7\u0131kma stratejileri geli\u015ftirmek i\u00e7in g\u00fcvenli bir alan sunuyoruz. Bu s\u00fcre\u00e7te, gencin t\u00fcm sistemi dahil edilerek, terap\u00f6tik etkinli\u011fi maksimum seviyeye \u00e7\u0131karmay\u0131 ama\u00e7l\u0131yoruz.<\/span><\/div>\n\t\t\t\t\t\t\t\t<\/div>\n\t\t\t\t<\/div>\n\t\t\t\t\t<\/div>\n\t\t\t\t<\/div>\n\t\t\t\t<\/div>\n\t\t<div class=\"elementor-element elementor-element-5735c9d e-con-full e-flex e-con e-child\" data-id=\"5735c9d\" data-element_type=\"container\" data-settings=\"{&quot;background_background&quot;:&quot;classic&quot;}\">\n\t\t\t\t<div class=\"elementor-element elementor-element-6bc7373 elementor-widget elementor-widget-image\" data-id=\"6bc7373\" data-element_type=\"widget\" data-widget_type=\"image.default\">\n\t\t\t\t<div class=\"elementor-widget-container\">\n\t\t\t\t\t\t\t\t\t\t\t\t\t\t\t<img decoding=\"async\" src=\"https:\/\/praxis-evia.ch\/wp-content\/uploads\/elementor\/thumbs\/GST05510-qn8hjztew15vsxq5akst4etg5a2glxano1dhctpf34.jpg\" title=\"GST05510\" alt=\"GST05510\" loading=\"lazy\" \/>\t\t\t\t\t\t\t\t\t\t\t\t\t\t\t<\/div>\n\t\t\t\t<\/div>\n\t\t<div class=\"elementor-element elementor-element-1b9ac04 e-flex e-con-boxed e-con e-child\" data-id=\"1b9ac04\" data-element_type=\"container\">\n\t\t\t\t\t<div class=\"e-con-inner\">\n\t\t\t\t<div class=\"elementor-element elementor-element-70d89c0 elementor-widget elementor-widget-heading\" data-id=\"70d89c0\" data-element_type=\"widget\" data-widget_type=\"heading.default\">\n\t\t\t\t<div class=\"elementor-widget-container\">\n\t\t\t\t\t<h2 class=\"elementor-heading-title elementor-size-default\">Yeti\u015fkinler \u0130\u00e7in Psikoterapi<\/h2>\t\t\t\t<\/div>\n\t\t\t\t<\/div>\n\t\t\t\t<div class=\"elementor-element elementor-element-c2dc755 elementor-widget elementor-widget-text-editor\" data-id=\"c2dc755\" data-element_type=\"widget\" data-widget_type=\"text-editor.default\">\n\t\t\t\t<div class=\"elementor-widget-container\">\n\t\t\t\t\t\t\t\t\t<div><span lang=\"IT-CH\">18 ya\u015f ve \u00fczeri yeti\u015fkinlere y\u00f6nelik sundu\u011fumuz hizmetimiz, psikolojik zorluklar ve bozukluklar (\u00f6rne\u011fin, anksiyete bozukluklar\u0131, depresyon, travma sonras\u0131 stres bozuklu\u011fu) ile ba\u015fa \u00e7\u0131kmay\u0131 ama\u00e7lamaktad\u0131r. Terap\u00f6tik y\u00f6ntemler her zaman kan\u0131ta dayal\u0131 yakla\u015f\u0131mlara dayanmakta olup, etkinlikleri kan\u0131tlanm\u0131\u015ft\u0131r. Ayr\u0131ca bireysel ya\u015fam krizleri, ili\u015fki sorunlar\u0131, i\u015fle ilgili zorluklar veya ki\u015fisel geli\u015fim ad\u0131mlar\u0131 gibi psikolojik zorluklar da b\u00fct\u00fcnsel olarak ele al\u0131nmaktad\u0131r. Ger\u00e7ek\u00e7i hedefler belirleyerek, daha iyi kendini anlama ve etkili olma, duygusal denge ve ki\u015fisel geli\u015fim yolculu\u011funuzda sizi destekliyoruz.<\/span><\/div>\n\t\t\t\t\t\t\t\t<\/div>\n\t\t\t\t<\/div>\n\t\t\t\t\t<\/div>\n\t\t\t\t<\/div>\n\t\t\t\t<\/div>\n\t\t\t\t\t<\/div>\n\t\t\t\t<\/div>\n\t\t<div class=\"elementor-element elementor-element-83fdb0d e-flex e-con-boxed e-con e-parent\" data-id=\"83fdb0d\" data-element_type=\"container\" id=\"conditions\" data-settings=\"{&quot;background_background&quot;:&quot;classic&quot;}\">\n\t\t\t\t\t<div class=\"e-con-inner\">\n\t\t\t\t<div class=\"elementor-element elementor-element-7e2215b elementor-widget elementor-widget-heading\" data-id=\"7e2215b\" data-element_type=\"widget\" data-widget_type=\"heading.default\">\n\t\t\t\t<div class=\"elementor-widget-container\">\n\t\t\t\t\t<h1 class=\"elementor-heading-title elementor-size-default\">\u00dccret<\/h1>\t\t\t\t<\/div>\n\t\t\t\t<\/div>\n\t\t\t\t<div class=\"elementor-element elementor-element-c5682c7 elementor-widget elementor-widget-text-editor\" data-id=\"c5682c7\" data-element_type=\"widget\" data-widget_type=\"text-editor.default\">\n\t\t\t\t<div class=\"elementor-widget-container\">\n\t\t\t\t\t\t\t\t\t<p style=\"font-weight: 400;\"><strong>Temel sigorta<\/strong><\/p>\n<p style=\"font-weight: 400;\">1 Temmuz 2022&#8217;den bu yana, sa\u011fl\u0131k sigortas\u0131 psikoterapi hizmetlerini kar\u015f\u0131lar. Ancak ilk g\u00f6r\u00fc\u015fmeden \u00f6nce, 15 oturum i\u00e7in bir doktor re\u00e7etesi gereklidir (aile doktorlar\u0131, psikiyatristler, psikosomatik alan\u0131nda uzmanla\u015fm\u0131\u015f uzmanlar veya en fazla 10 oturum i\u00e7in bir kriz m\u00fcdahalesi kapsam\u0131nda uzmanlar taraf\u0131ndan). Anla\u015fmadan sonra, 15 oturum daha uzat\u0131lmas\u0131, tekrar bir re\u00e7ete almay\u0131 gerektirir. Toplam 30 oturumdan sonra psikoterapinin devam\u0131na ili\u015fkin endikasyon durumunda, psikoterapist bir vak\u0131f de\u011ferlendirmesi yapacak ve bir psikiyatrist ve aile doktoru ile birlikte \u00e7al\u0131\u015farak sigorta \u015firketinizden maliyet onay\u0131 talep edecektir. Bu <a href=\"https:\/\/praxis-evia.ch\/wp-content\/uploads\/2024\/03\/anordnung_psychologische_psychotherapie_version_1_0_de_0.pdf\">formu<\/a>, tedaviye ba\u015flamadan \u00f6nce aile doktorunuz taraf\u0131ndan doldurulup imzalanmal\u0131 ve psikoterapiste g\u00f6nderilmelidir.<\/p>\n<p style=\"font-weight: 400;\"><strong>Ek sigortalar<\/strong><\/p>\n<p style=\"font-weight: 400;\">Ek sigorta sahipleri i\u00e7in, hangi masraflar\u0131n kar\u015f\u0131lanaca\u011f\u0131n\u0131 \u00f6\u011frenmek i\u00e7in sigorta \u015firketinizle ileti\u015fime ge\u00e7mek tavsiye edilir. Kapsam ve katk\u0131 pay\u0131, sigortadan sigortaya de\u011fi\u015febilir. Ek sigortan\u0131z\u0131n neleri kapsad\u0131\u011f\u0131 hakk\u0131nda bilgi almak i\u00e7in buraya bakabilirsiniz.<\/p>\n<p style=\"font-weight: 400;\"><strong>Kendisi \u00f6deyenler<\/strong><\/p>\n<p style=\"font-weight: 400;\">Psikoterapinin masraflar\u0131n\u0131 kendiniz \u00f6deme se\u00e7ene\u011finiz bulunmaktad\u0131r. Bireysel seanslar i\u00e7in standart \u00fccret 60 dakika i\u00e7in CHF 190&#8217;t\u0131r. Aile ve ebeveyn g\u00f6r\u00fc\u015fmeleri i\u00e7in genellikle 90 dakika planlamaktay\u0131z ve standart \u00fccret 90 dakika i\u00e7in CHF 250&#8217;t\u0131r. Bu s\u00fcreler, do\u011frudan g\u00f6r\u00fc\u015fme s\u00fcresini ve gerekli haz\u0131rl\u0131k ve sonras\u0131 i\u015flemleri i\u00e7ermektedir.<\/p>\n\t\t\t\t\t\t\t\t<\/div>\n\t\t\t\t<\/div>\n\t\t\t\t<div class=\"elementor-element elementor-element-58bee91 elementor-widget elementor-widget-heading\" data-id=\"58bee91\" data-element_type=\"widget\" data-widget_type=\"heading.default\">\n\t\t\t\t<div class=\"elementor-widget-container\">\n\t\t\t\t\t<h1 class=\"elementor-heading-title elementor-size-default\">Ko\u015fullar<\/h1>\t\t\t\t<\/div>\n\t\t\t\t<\/div>\n\t\t\t\t<div class=\"elementor-element elementor-element-491c86a elementor-widget elementor-widget-text-editor\" data-id=\"491c86a\" data-element_type=\"widget\" data-widget_type=\"text-editor.default\">\n\t\t\t\t<div class=\"elementor-widget-container\">\n\t\t\t\t\t\t\t\t\t<p style=\"font-weight: 400;\">Randevu tarihinden 24 saat \u00f6ncesine kadar iptaller \u00fccretsizdir. Son dakika iptalleri, bireysel seanslar i\u00e7in CHF 140 ve \u00e7ift seanslar\u0131 i\u00e7in CHF 200 \u00fccretlendirilir. Gelmeme durumunda tam miktar tahsil edilecektir.<\/p>\n\t\t\t\t\t\t\t\t<\/div>\n\t\t\t\t<\/div>\n\t\t\t\t\t<\/div>\n\t\t\t\t<\/div>\n\t\t\t\t<\/div>\n\t\t","protected":false},"excerpt":{"rendered":"<p>Hizmetler Hizmetler Gen\u00e7ler ve Yeti\u015fkinler \u0130\u00e7in Psikoterapi: Almanca, \u0130ngilizce veya T\u00fcrk\u00e7e Psikoterap\u00f6tik y\u00f6ntem, ki\u015fisel sorun alanlar\u0131n\u0131za ve hedeflerinize dayan\u0131r ve psikoterapistinizin terap\u00f6tik temel e\u011fitimine dayan\u0131r. Bir ba\u015flang\u0131\u00e7 g\u00f6r\u00fc\u015fmesinde ki\u015fisel terapi konular\u0131 ve hedefleri birlikte belirlenir ve de\u011fi\u015fim i\u00e7in bir psikoterapinin nereden ba\u015flayabilece\u011fi tart\u0131\u015f\u0131l\u0131r. Praxis Evia&#8217;da, \u0130svi\u00e7re Psikologlar Federasyonu (FSP) Meslek Y\u00f6netmeli\u011fi ve \u0130svi\u00e7re Veri Koruma [&hellip;]<\/p>\n","protected":false},"author":1,"featured_media":0,"parent":0,"menu_order":0,"comment_status":"closed","ping_status":"closed","template":"","meta":{"_acf_changed":false,"footnotes":""},"class_list":["post-1086","page","type-page","status-publish","hentry"],"acf":[],"_links":{"self":[{"href":"https:\/\/praxis-evia.ch\/tr\/wp-json\/wp\/v2\/pages\/1086","targetHints":{"allow":["GET"]}}],"collection":[{"href":"https:\/\/praxis-evia.ch\/tr\/wp-json\/wp\/v2\/pages"}],"about":[{"href":"https:\/\/praxis-evia.ch\/tr\/wp-json\/wp\/v2\/types\/page"}],"author":[{"embeddable":true,"href":"https:\/\/praxis-evia.ch\/tr\/wp-json\/wp\/v2\/users\/1"}],"replies":[{"embeddable":true,"href":"https:\/\/praxis-evia.ch\/tr\/wp-json\/wp\/v2\/comments?post=1086"}],"version-history":[{"count":8,"href":"https:\/\/praxis-evia.ch\/tr\/wp-json\/wp\/v2\/pages\/1086\/revisions"}],"predecessor-version":[{"id":1332,"href":"https:\/\/praxis-evia.ch\/tr\/wp-json\/wp\/v2\/pages\/1086\/revisions\/1332"}],"wp:attachment":[{"href":"https:\/\/praxis-evia.ch\/tr\/wp-json\/wp\/v2\/media?parent=1086"}],"curies":[{"name":"wp","href":"https:\/\/api.w.org\/{rel}","templated":true}]}}