{"id":1084,"date":"2024-01-16T15:07:07","date_gmt":"2024-01-16T14:07:07","guid":{"rendered":"https:\/\/praxis-evia.ch\/gizlilik-politikasi\/"},"modified":"2024-05-04T22:17:38","modified_gmt":"2024-05-04T20:17:38","slug":"gizlilik-politikasi","status":"publish","type":"page","link":"https:\/\/praxis-evia.ch\/tr\/gizlilik-politikasi\/","title":{"rendered":"Gizlilik Politikas\u0131"},"content":{"rendered":"\t\t<div data-elementor-type=\"wp-page\" data-elementor-id=\"1084\" class=\"elementor elementor-1084 elementor-759\" data-elementor-post-type=\"page\">\n\t\t\t\t<div class=\"elementor-element elementor-element-88a661b e-con-full e-flex e-con e-parent\" data-id=\"88a661b\" data-element_type=\"container\" data-settings=\"{&quot;background_background&quot;:&quot;classic&quot;}\">\n\t\t<div class=\"elementor-element elementor-element-fbaa526 e-con-full e-flex e-con e-child\" data-id=\"fbaa526\" data-element_type=\"container\">\n\t\t\t\t<div class=\"elementor-element elementor-element-9892fdd elementor-absolute elementor-hidden-mobile elementor-widget elementor-widget-heading\" data-id=\"9892fdd\" data-element_type=\"widget\" data-settings=\"{&quot;_position&quot;:&quot;absolute&quot;}\" data-widget_type=\"heading.default\">\n\t\t\t\t<div class=\"elementor-widget-container\">\n\t\t\t\t\t<h2 class=\"elementor-heading-title elementor-size-default\">Gizlilik Politikas\u0131<\/h2>\t\t\t\t<\/div>\n\t\t\t\t<\/div>\n\t\t\t\t<\/div>\n\t\t<div class=\"elementor-element elementor-element-25286c8 e-con-full e-flex e-con e-child\" data-id=\"25286c8\" data-element_type=\"container\" data-settings=\"{&quot;background_background&quot;:&quot;slideshow&quot;,&quot;background_slideshow_gallery&quot;:[{&quot;id&quot;:685,&quot;url&quot;:&quot;https:\\\/\\\/praxis-evia.ch\\\/wp-content\\\/uploads\\\/2023\\\/11\\\/GST05490.jpg&quot;},{&quot;id&quot;:688,&quot;url&quot;:&quot;https:\\\/\\\/praxis-evia.ch\\\/wp-content\\\/uploads\\\/2023\\\/11\\\/GST05498.jpg&quot;},{&quot;id&quot;:691,&quot;url&quot;:&quot;https:\\\/\\\/praxis-evia.ch\\\/wp-content\\\/uploads\\\/2023\\\/11\\\/GST05511.jpg&quot;},{&quot;id&quot;:694,&quot;url&quot;:&quot;https:\\\/\\\/praxis-evia.ch\\\/wp-content\\\/uploads\\\/2023\\\/11\\\/GST05514.jpg&quot;},{&quot;id&quot;:697,&quot;url&quot;:&quot;https:\\\/\\\/praxis-evia.ch\\\/wp-content\\\/uploads\\\/2023\\\/11\\\/GST05516.jpg&quot;},{&quot;id&quot;:700,&quot;url&quot;:&quot;https:\\\/\\\/praxis-evia.ch\\\/wp-content\\\/uploads\\\/2023\\\/11\\\/GST05475.jpg&quot;},{&quot;id&quot;:703,&quot;url&quot;:&quot;https:\\\/\\\/praxis-evia.ch\\\/wp-content\\\/uploads\\\/2023\\\/11\\\/GST05477.jpg&quot;}],&quot;background_slideshow_loop&quot;:&quot;yes&quot;,&quot;background_slideshow_slide_duration&quot;:5000,&quot;background_slideshow_slide_transition&quot;:&quot;fade&quot;,&quot;background_slideshow_transition_duration&quot;:500}\">\n\t\t\t\t<div class=\"elementor-element elementor-element-c84924e elementor-absolute elementor-hidden-desktop elementor-hidden-tablet elementor-widget elementor-widget-heading\" data-id=\"c84924e\" data-element_type=\"widget\" data-settings=\"{&quot;_position&quot;:&quot;absolute&quot;}\" data-widget_type=\"heading.default\">\n\t\t\t\t<div class=\"elementor-widget-container\">\n\t\t\t\t\t<h2 class=\"elementor-heading-title elementor-size-default\">Gizlilik Politikas\u0131<\/h2>\t\t\t\t<\/div>\n\t\t\t\t<\/div>\n\t\t\t\t<\/div>\n\t\t\t\t<\/div>\n\t\t<div class=\"elementor-element elementor-element-9da223b e-flex e-con-boxed e-con e-parent\" data-id=\"9da223b\" data-element_type=\"container\" data-settings=\"{&quot;background_background&quot;:&quot;classic&quot;}\">\n\t\t\t\t\t<div class=\"e-con-inner\">\n\t\t\t\t<div class=\"elementor-element elementor-element-f2e343c elementor-widget elementor-widget-heading\" data-id=\"f2e343c\" data-element_type=\"widget\" data-widget_type=\"heading.default\">\n\t\t\t\t<div class=\"elementor-widget-container\">\n\t\t\t\t\t<h1 class=\"elementor-heading-title elementor-size-default\">Gizlilik Bildirimi<\/h1>\t\t\t\t<\/div>\n\t\t\t\t<\/div>\n\t\t\t\t<div class=\"elementor-element elementor-element-6652481 elementor-widget elementor-widget-text-editor\" data-id=\"6652481\" data-element_type=\"widget\" data-widget_type=\"text-editor.default\">\n\t\t\t\t<div class=\"elementor-widget-container\">\n\t\t\t\t\t\t\t\t\t<p style=\"font-weight: 400;\">A\u015fa\u011f\u0131daki gizlilik politikas\u0131, web sitemizin ve web sitemizde sunulan hizmetlerin kullan\u0131m\u0131 i\u00e7in ge\u00e7erlidir. Bu gizlilik politikas\u0131, bu web sitesini ziyaretiniz s\u0131ras\u0131nda ki\u015fisel verilerin i\u015flenmesi hakk\u0131nda sizi bilgilendirir.<\/p>\n<p style=\"font-weight: 400;\">Ki\u015fisel verileriniz, y\u00fcr\u00fcrl\u00fckteki veri koruma yasalar\u0131na ve gerekliliklerine uygun olarak i\u015flenecektir.<\/p>\n<p style=\"font-weight: 400;\"><strong>Genel veri ve bilgilerin toplanmas\u0131<\/strong><\/p>\n<p style=\"font-weight: 400;\">Web sitemizi her ziyaret etti\u011finizde, ki\u015fisel olarak tan\u0131mlanabilir veriler de dahil olmak \u00fczere bir dizi genel veri ve bilgi toplan\u0131r. Bu veri ve bilgiler sunucu g\u00fcnl\u00fck dosyalar\u0131nda saklan\u0131r. Kullan\u0131lan taray\u0131c\u0131 t\u00fcrleri ve s\u00fcr\u00fcmleri, eri\u015fim sistemi taraf\u0131ndan kullan\u0131lan i\u015fletim sistemi, eri\u015fim sisteminin web sitemize eri\u015fti\u011fi web sitesi (y\u00f6nlendiren olarak adland\u0131r\u0131l\u0131r), eri\u015fim sistemi arac\u0131l\u0131\u011f\u0131yla web sitemizden eri\u015filen alt web siteleri, web sitesine eri\u015fim tarihi ve saati, \u0130nternet protokol adresi (IP adresi), eri\u015fim sisteminin \u0130nternet servis sa\u011flay\u0131c\u0131s\u0131 ve BT altyap\u0131m\u0131za sald\u0131r\u0131 durumunda tehlikeyi \u00f6nlemeye hizmet eden di\u011fer benzer veriler ve bilgiler kaydedilebilir.<\/p>\n<p style=\"font-weight: 400;\"><strong>Ki\u015fisel veriler<\/strong><\/p>\n<p style=\"font-weight: 400;\">Ki\u015fisel veriler, belirli veya tan\u0131mlanabilir ki\u015filerle ilgili t\u00fcm bilgilerdir. \u0130\u015fleme, \u00f6zellikle depolama, if\u015fa etme, elde etme, toplama, silme, kaydetme, de\u011fi\u015ftirme, imha etme ve kullanma gibi ki\u015fisel verilerin her t\u00fcrl\u00fc kullan\u0131m\u0131n\u0131 i\u00e7erir.<\/p>\n<p style=\"font-weight: 400;\"><strong>\u0130\u015flemenin t\u00fcr\u00fc, amac\u0131 ve kapsam\u0131<\/strong><\/p>\n<p style=\"font-weight: 400;\">Bu web sitesini kullanarak, ki\u015fisel verilerinizin bu gizlilik politikas\u0131na uygun olarak i\u015flenmesine izin vermi\u015f olursunuz.<\/p>\n<p style=\"font-weight: 400;\">Yaln\u0131zca web sitesinin i\u00e7eri\u011fini do\u011fru bir \u015fekilde g\u00f6r\u00fcnt\u00fclemek, web sitesinin i\u00e7eri\u011fini optimize etmek, BT altyap\u0131s\u0131n\u0131n ve web sitesinin teknolojisinin uzun vadeli i\u015flevselli\u011fini sa\u011flamak ve bir siber sald\u0131r\u0131 durumunda kolluk kuvvetlerine gerekli bilgileri sa\u011flamak i\u00e7in gerekli olan ki\u015fisel veriler i\u015flenecektir.<\/p>\n<p style=\"font-weight: 400;\">Ki\u015fisel veriler, yukar\u0131da belirtilen ama\u00e7 i\u00e7in gerekli olan s\u00fcre kadar i\u015flenmektedir. \u0130\u015flenmesine gerek kalmayan ki\u015fisel veriler anonim hale getirilir veya silinir.<\/p>\n<p style=\"font-weight: 400;\"><strong>\u00a0<\/strong><strong>Veri g\u00fcvenli\u011fi ve sorumluluk<\/strong><\/p>\n<p style=\"font-weight: 400;\">Veri koruma ve veri g\u00fcvenli\u011fini sa\u011flamak i\u00e7in uygun ve elveri\u015fli teknik ve organizasyonel \u00f6nlemler al\u0131nmaktad\u0131r. Bu \u00f6nlemlere ra\u011fmen, ki\u015fisel veriler internette i\u015flenirken veri koruma ihlalleri meydana gelebilir. Bu nedenle, mutlak veri g\u00fcvenli\u011fini garanti edemiyoruz ve bu web sitesinin (ba\u011flant\u0131l\u0131 web siteleri dahil) kullan\u0131m\u0131na ili\u015fkin herhangi bir sorumluluk kabul etmiyoruz.<\/p>\n<p style=\"font-weight: 400;\"><strong>SSL ve TLS \u015fifreleme<\/strong><\/p>\n<p style=\"font-weight: 400;\">G\u00fcvenlik nedenleriyle ve site operat\u00f6r\u00fc olarak bize g\u00f6nderdi\u011finiz gizli i\u00e7eri\u011fin iletimini korumak i\u00e7in web sitemiz SSL veya TLS \u015fifreleme kullan\u0131r. Bu, bu web sitesi arac\u0131l\u0131\u011f\u0131yla iletti\u011finiz verilerin \u00fc\u00e7\u00fcnc\u00fc \u015fah\u0131slar taraf\u0131ndan okunamayaca\u011f\u0131 anlam\u0131na gelir. \u015eifrelenmi\u015f bir ba\u011flant\u0131y\u0131 taray\u0131c\u0131n\u0131z\u0131n &#8220;https:\/\/&#8221; adres sat\u0131r\u0131ndan ve taray\u0131c\u0131 sat\u0131r\u0131ndaki kilit sembol\u00fcnden tan\u0131yabilirsiniz.<\/p>\n<p style=\"font-weight: 400;\"><strong>\u00a0<\/strong><strong>Di\u011fer web sitelerine ba\u011flant\u0131lar<\/strong><\/p>\n<p style=\"font-weight: 400;\">Bu web sitesi di\u011fer sa\u011flay\u0131c\u0131lar\u0131n web sitelerine ba\u011flant\u0131lar i\u00e7ermektedir. Uygulamam\u0131z\u0131n bu web siteleri, i\u00e7erikleri, teklifleri veya kullan\u0131labilirlikleri veya buralarda ge\u00e7erli olan veri koruma beyanlar\u0131 ve h\u00fck\u00fcmleri \u00fczerinde hi\u00e7bir etkisi yoktur.<\/p>\n<p style=\"font-weight: 400;\"><strong>\u00c7erezler<\/strong><\/p>\n<p style=\"font-weight: 400;\">Psikoloji muayenehanemiz bu web sitesinde yaln\u0131zca gerekli \u00e7erezleri kullanmaktad\u0131r. Bunlar, sayfada gezinme gibi temel i\u015flevleri etkinle\u015ftirerek web sitesini kullan\u0131labilir hale getirmeye yard\u0131mc\u0131 olur. \u00c7erezler, web sitelerini ve sunucular\u0131 belirli bir \u0130nternet taray\u0131c\u0131s\u0131na atayan \u00e7erezin benzersiz bir tan\u0131mlay\u0131c\u0131s\u0131 olan \u00e7erez kimli\u011fi olarak adland\u0131r\u0131lan bir kimlik i\u00e7erir. Belirli bir \u0130nternet taray\u0131c\u0131s\u0131, bu benzersiz \u00e7erez kimli\u011fi kullan\u0131larak tan\u0131nabilir ve tan\u0131mlanabilir.<\/p>\n<p style=\"font-weight: 400;\"><strong>\u0130leti\u015fim se\u00e7enekleri<\/strong><\/p>\n<p style=\"font-weight: 400;\">Muayenehanemizin web sitesinde muayenehanenin telefon numaras\u0131 ve bizimle elektronik olarak ileti\u015fime ge\u00e7mek i\u00e7in kullanabilece\u011finiz bir e-posta adresi bulunmaktad\u0131r. Bizimle bu \u015fekilde ileti\u015fime ge\u00e7erseniz, ileti\u015fim bilgileriniz ve i\u00e7eri\u011finiz yaln\u0131zca talebinizi i\u015fleme koymak ve yan\u0131tlamak i\u00e7in kullan\u0131lacakt\u0131r. L\u00fctfen dikkat: Verilerinizin e-posta yoluyla gizli olarak iletilece\u011fi garanti edilemez. Bu nedenle, l\u00fctfen bizimle bu \u015fekilde ileti\u015fime ge\u00e7erken herhangi bir gizli bilgi iletmeyin.<\/p>\n<p style=\"font-weight: 400;\"><strong>\u00a0<\/strong><strong>Sizin haklar\u0131n\u0131z<\/strong><\/p>\n<p style=\"font-weight: 400;\">Veri Koruma Yasas\u0131 uyar\u0131nca, bilgi edinme hakk\u0131 ve i\u015flenen ki\u015fisel verileri d\u00fczeltme, silme veya engelleme hakk\u0131 gibi \u00e7e\u015fitli haklara sahipsiniz. Haklar\u0131n\u0131z\u0131 kullanmak i\u00e7in l\u00fctfen bizimle ileti\u015fime ge\u00e7in. Size bu konuda daha fazla bilgi vermekten memnuniyet duyar\u0131z.<\/p>\n<p style=\"font-weight: 400;\"><strong>De\u011fi\u015fiklikler<\/strong><\/p>\n<p style=\"font-weight: 400;\">Muayenehanemiz bu gizlilik politikas\u0131n\u0131 \u00f6nceden haber vermeksizin istedi\u011fi zaman de\u011fi\u015ftirebilir. Web sitemizde yay\u0131nlanan g\u00fcncel versiyon ge\u00e7erlidir.<\/p>\n\t\t\t\t\t\t\t\t<\/div>\n\t\t\t\t<\/div>\n\t\t\t\t\t<\/div>\n\t\t\t\t<\/div>\n\t\t\t\t<\/div>\n\t\t","protected":false},"excerpt":{"rendered":"<p>Gizlilik Politikas\u0131 Gizlilik Politikas\u0131 Gizlilik Bildirimi A\u015fa\u011f\u0131daki gizlilik politikas\u0131, web sitemizin ve web sitemizde sunulan hizmetlerin kullan\u0131m\u0131 i\u00e7in ge\u00e7erlidir. Bu gizlilik politikas\u0131, bu web sitesini ziyaretiniz s\u0131ras\u0131nda ki\u015fisel verilerin i\u015flenmesi hakk\u0131nda sizi bilgilendirir. Ki\u015fisel verileriniz, y\u00fcr\u00fcrl\u00fckteki veri koruma yasalar\u0131na ve gerekliliklerine uygun olarak i\u015flenecektir. Genel veri ve bilgilerin toplanmas\u0131 Web sitemizi her ziyaret etti\u011finizde, ki\u015fisel [&hellip;]<\/p>\n","protected":false},"author":1,"featured_media":0,"parent":0,"menu_order":0,"comment_status":"closed","ping_status":"closed","template":"","meta":{"_acf_changed":false,"footnotes":""},"class_list":["post-1084","page","type-page","status-publish","hentry"],"acf":[],"_links":{"self":[{"href":"https:\/\/praxis-evia.ch\/tr\/wp-json\/wp\/v2\/pages\/1084","targetHints":{"allow":["GET"]}}],"collection":[{"href":"https:\/\/praxis-evia.ch\/tr\/wp-json\/wp\/v2\/pages"}],"about":[{"href":"https:\/\/praxis-evia.ch\/tr\/wp-json\/wp\/v2\/types\/page"}],"author":[{"embeddable":true,"href":"https:\/\/praxis-evia.ch\/tr\/wp-json\/wp\/v2\/users\/1"}],"replies":[{"embeddable":true,"href":"https:\/\/praxis-evia.ch\/tr\/wp-json\/wp\/v2\/comments?post=1084"}],"version-history":[{"count":1,"href":"https:\/\/praxis-evia.ch\/tr\/wp-json\/wp\/v2\/pages\/1084\/revisions"}],"predecessor-version":[{"id":1085,"href":"https:\/\/praxis-evia.ch\/tr\/wp-json\/wp\/v2\/pages\/1084\/revisions\/1085"}],"wp:attachment":[{"href":"https:\/\/praxis-evia.ch\/tr\/wp-json\/wp\/v2\/media?parent=1084"}],"curies":[{"name":"wp","href":"https:\/\/api.w.org\/{rel}","templated":true}]}}